{"id":15606,"date":"2025-10-06T16:18:20","date_gmt":"2025-10-06T16:18:20","guid":{"rendered":"https:\/\/www.captosec.com\/?page_id=15606"},"modified":"2025-10-07T13:38:04","modified_gmt":"2025-10-07T13:38:04","slug":"fiches-techniques-2","status":"publish","type":"page","link":"https:\/\/www.captosec.com\/en\/fiches-techniques-2\/","title":{"rendered":"Fiches techniques"},"content":{"rendered":"<div data-elementor-type=\"wp-page\" data-elementor-id=\"15606\" class=\"elementor elementor-15606\" data-elementor-post-type=\"page\">\n\t\t\t\t\t\t\t<div class=\"elementor-element elementor-element-86e9e93 e-flex e-con-boxed e-con e-parent\" data-id=\"86e9e93\" data-element_type=\"container\" data-settings=\"{&quot;content_width&quot;:&quot;boxed&quot;}\" data-core-v316-plus=\"true\">\n\t\t\t\t\t<div class=\"e-con-inner\">\n\t\t\t\t<div class=\"elementor-element elementor-element-9243a92 elementor-widget elementor-widget-heading\" data-id=\"9243a92\" data-element_type=\"widget\" data-widget_type=\"heading.default\">\n\t\t\t\t<div class=\"elementor-widget-container\">\n\t\t\t<style>\/*! elementor - v3.18.0 - 20-12-2023 *\/\n.elementor-heading-title{padding:0;margin:0;line-height:1}.elementor-widget-heading .elementor-heading-title[class*=elementor-size-]>a{color:inherit;font-size:inherit;line-height:inherit}.elementor-widget-heading .elementor-heading-title.elementor-size-small{font-size:15px}.elementor-widget-heading .elementor-heading-title.elementor-size-medium{font-size:19px}.elementor-widget-heading .elementor-heading-title.elementor-size-large{font-size:29px}.elementor-widget-heading .elementor-heading-title.elementor-size-xl{font-size:39px}.elementor-widget-heading .elementor-heading-title.elementor-size-xxl{font-size:59px}<\/style><h2 class=\"elementor-heading-title elementor-size-default\">Our service offerings<\/h2>\t\t<\/div>\n\t\t\t\t<\/div>\n\t\t\t\t\t<\/div>\n\t\t\t\t<\/div>\n\t\t<div class=\"elementor-element elementor-element-955f2f1 e-flex e-con-boxed e-con e-parent\" data-id=\"955f2f1\" data-element_type=\"container\" data-settings=\"{&quot;content_width&quot;:&quot;boxed&quot;}\" data-core-v316-plus=\"true\">\n\t\t\t\t\t<div class=\"e-con-inner\">\n\t\t\t\t<div class=\"elementor-element elementor-element-e19890f elementor-widget elementor-widget-text-editor\" data-id=\"e19890f\" data-element_type=\"widget\" data-widget_type=\"text-editor.default\">\n\t\t\t\t<div class=\"elementor-widget-container\">\n\t\t\t<style>\/*! elementor - v3.18.0 - 20-12-2023 *\/\n.elementor-widget-text-editor.elementor-drop-cap-view-stacked .elementor-drop-cap{background-color:#69727d;color:#fff}.elementor-widget-text-editor.elementor-drop-cap-view-framed .elementor-drop-cap{color:#69727d;border:3px solid;background-color:transparent}.elementor-widget-text-editor:not(.elementor-drop-cap-view-default) .elementor-drop-cap{margin-top:8px}.elementor-widget-text-editor:not(.elementor-drop-cap-view-default) .elementor-drop-cap-letter{width:1em;height:1em}.elementor-widget-text-editor .elementor-drop-cap{float:left;text-align:center;line-height:1;font-size:50px}.elementor-widget-text-editor .elementor-drop-cap-letter{display:inline-block}<\/style>\t\t\t\t<p>Pour en savoir plus et t\u00e9l\u00e9charger le descriptif d\u00e9taill\u00e9e de chaque formule, cliquez sur l&rsquo;offre de votre choix.<\/p>\t\t\t\t\t\t<\/div>\n\t\t\t\t<\/div>\n\t\t\t\t\t<\/div>\n\t\t\t\t<\/div>\n\t\t<div class=\"elementor-element elementor-element-f336425 e-flex e-con-boxed e-con e-parent\" data-id=\"f336425\" data-element_type=\"container\" data-settings=\"{&quot;content_width&quot;:&quot;boxed&quot;}\" data-core-v316-plus=\"true\">\n\t\t\t\t\t<div class=\"e-con-inner\">\n\t\t<div class=\"elementor-element elementor-element-77e309e e-con-full e-flex e-con e-child\" data-id=\"77e309e\" data-element_type=\"container\" data-settings=\"{&quot;content_width&quot;:&quot;full&quot;}\">\n\t\t\t\t<div class=\"elementor-element elementor-element-f0d7437 elementor-widget__width-initial elementor-widget elementor-widget-ct_image\" data-id=\"f0d7437\" data-element_type=\"widget\" data-widget_type=\"ct_image.default\">\n\t\t\t\t<div class=\"elementor-widget-container\">\n\t\t\t<div class=\"ct-image-single ct-pxl-image-bounce\" data-width=\"\" data-height=\"\" data-wow-delay=\"ms\">\r\n            <div class=\"ct-image-single--inner\">\r\n            <a href=\"https:\/\/www.captosec.com\/wp-content\/uploads\/2025\/10\/CapMDR_FT-1.pdf\">                <img fetchpriority=\"high\" decoding=\"async\" width=\"1205\" height=\"910\" src=\"https:\/\/www.captosec.com\/wp-content\/uploads\/2025\/10\/CAP-Flyer-Monitoring3.jpg\" class=\"no-lazyload img-main attachment-full\" alt=\"\" \/>            <\/a>        <\/div>\r\n    <\/div>\t\t<\/div>\n\t\t\t\t<\/div>\n\t\t\t\t<div class=\"elementor-element elementor-element-6bf346a elementor-widget elementor-widget-ct_text_editor\" data-id=\"6bf346a\" data-element_type=\"widget\" data-widget_type=\"ct_text_editor.default\">\n\t\t\t\t<div class=\"elementor-widget-container\">\n\t\t\t<div id=\"ct_text_editor-6bf346a\" class=\"ct-text-editor\" data-wow-delay=\"ms\">\n\t<div class=\"ct-item--inner\">\n\t\t<div class=\"ct-inline-css\"  data-css=\"\t        \t\t\t\">\n\n\t    <\/div>\n\t\t<div class=\"ct-text-editor elementor-clearfix\">\n\t\t\t<p>\u00a0B\u00e9n\u00e9ficiez d&rsquo;une surveillance 24\/7, d&rsquo;une d\u00e9tection proactive des menaces et d&rsquo;une r\u00e9ponse rapide aux incidents pour prot\u00e9ger votre infrastructure.<\/p>\t\t\n\t\t<\/div>\n\t<\/div>\n<\/div>\t\t<\/div>\n\t\t\t\t<\/div>\n\t\t\t\t<div class=\"elementor-element elementor-element-0fd83eb elementor-widget elementor-widget-ct_button\" data-id=\"0fd83eb\" data-element_type=\"widget\" data-widget_type=\"ct_button.default\">\n\t\t\t\t<div class=\"elementor-widget-container\">\n\t\t\t<div id=\"ct_button-0fd83eb\" class=\"ct-button-wrapper ct-button-layout1\">\r\n    <div class=\"ct-inline-css\"  data-css=\"        \">\r\n    <\/div>\r\n\r\n            <span class=\"ct-icon-active\"><\/span>\r\n        <a href=\"https:\/\/www.captosec.com\/wp-content\/uploads\/2025\/10\/CapMDR_FT-1.pdf\" class=\"btn btn-default  icon-ps-\" data-wow-delay=\"ms\">\r\n                            <span class=\"ct-button-icon ct-icon-normal ct-align-icon-\">\r\n                            <\/span>\r\n                <span class=\"ct-button-text\">\r\n            Download        <\/span>\r\n    <\/a>\r\n<\/div>\t\t<\/div>\n\t\t\t\t<\/div>\n\t\t\t\t<\/div>\n\t\t<div class=\"elementor-element elementor-element-6390992 e-con-full e-flex e-con e-child\" data-id=\"6390992\" data-element_type=\"container\" data-settings=\"{&quot;content_width&quot;:&quot;full&quot;}\">\n\t\t\t\t<div class=\"elementor-element elementor-element-081f310 elementor-widget__width-initial elementor-widget elementor-widget-ct_image\" data-id=\"081f310\" data-element_type=\"widget\" data-widget_type=\"ct_image.default\">\n\t\t\t\t<div class=\"elementor-widget-container\">\n\t\t\t<div class=\"ct-image-single ct-pxl-image-bounce\" data-width=\"\" data-height=\"\" data-wow-delay=\"ms\">\r\n            <div class=\"ct-image-single--inner\">\r\n            <a href=\"https:\/\/www.captosec.com\/wp-content\/uploads\/2025\/10\/CAP_Brochure-Penstest-1-2.pdf\">                <img decoding=\"async\" width=\"1212\" height=\"891\" src=\"https:\/\/www.captosec.com\/wp-content\/uploads\/2025\/10\/CAP_Flyer-Penstest7.jpg\" class=\"no-lazyload img-main attachment-full\" alt=\"\" \/>            <\/a>        <\/div>\r\n    <\/div>\t\t<\/div>\n\t\t\t\t<\/div>\n\t\t\t\t<div class=\"elementor-element elementor-element-26c0b54 elementor-widget elementor-widget-ct_text_editor\" data-id=\"26c0b54\" data-element_type=\"widget\" data-widget_type=\"ct_text_editor.default\">\n\t\t\t\t<div class=\"elementor-widget-container\">\n\t\t\t<div id=\"ct_text_editor-26c0b54\" class=\"ct-text-editor\" data-wow-delay=\"ms\">\n\t<div class=\"ct-item--inner\">\n\t\t<div class=\"ct-inline-css\"  data-css=\"\t        \t\t\t\">\n\n\t    <\/div>\n\t\t<div class=\"ct-text-editor elementor-clearfix\">\n\t\t\t<p>\u00a0Nous s\u00e9curisons vos syst\u00e8mes en amont via des tests d&rsquo;intrusion qui identifient et corrigent les vuln\u00e9rabilit\u00e9s avant leur exploitation.<\/p>\t\t\n\t\t<\/div>\n\t<\/div>\n<\/div>\t\t<\/div>\n\t\t\t\t<\/div>\n\t\t\t\t<div class=\"elementor-element elementor-element-2f91cef elementor-widget elementor-widget-ct_button\" data-id=\"2f91cef\" data-element_type=\"widget\" data-widget_type=\"ct_button.default\">\n\t\t\t\t<div class=\"elementor-widget-container\">\n\t\t\t<div id=\"ct_button-2f91cef\" class=\"ct-button-wrapper ct-button-layout1\">\r\n    <div class=\"ct-inline-css\"  data-css=\"        \">\r\n    <\/div>\r\n\r\n            <span class=\"ct-icon-active\"><\/span>\r\n        <a href=\"https:\/\/www.captosec.com\/wp-content\/uploads\/2025\/10\/CAP_Brochure-Penstest-1-2.pdf\" class=\"btn btn-default  icon-ps-\" data-wow-delay=\"ms\">\r\n                            <span class=\"ct-button-icon ct-icon-normal ct-align-icon-\">\r\n                            <\/span>\r\n                <span class=\"ct-button-text\">\r\n            Download        <\/span>\r\n    <\/a>\r\n<\/div>\t\t<\/div>\n\t\t\t\t<\/div>\n\t\t\t\t<\/div>\n\t\t\t\t<div class=\"elementor-element elementor-element-1283f3c elementor-widget__width-initial elementor-widget elementor-widget-ct_background\" data-id=\"1283f3c\" data-element_type=\"widget\" data-widget_type=\"ct_background.default\">\n\t\t\t\t<div class=\"elementor-widget-container\">\n\t\t\t    <div class=\"ct-section-background el-move-parents bg-image\" style=\"background-image: url(https:\/\/www.captosec.com\/wp-content\/uploads\/2025\/10\/CAP-Flyer-Monitoring3.jpg);background-color: ;\"><\/div>\r\n\t\t<\/div>\n\t\t\t\t<\/div>\n\t\t\t\t<div class=\"elementor-element elementor-element-d01a840 elementor-widget__width-initial elementor-widget elementor-widget-ct_background\" data-id=\"d01a840\" data-element_type=\"widget\" data-widget_type=\"ct_background.default\">\n\t\t\t\t<div class=\"elementor-widget-container\">\n\t\t\t    <div class=\"ct-section-background el-move-parents bg-image\" style=\"background-image: url(https:\/\/www.captosec.com\/wp-content\/uploads\/2025\/10\/CAP-Flyer-Monitoring3.jpg);background-color: ;\"><\/div>\r\n\t\t<\/div>\n\t\t\t\t<\/div>\n\t\t<div class=\"elementor-element elementor-element-e96d3ef e-con-full e-flex e-con e-child\" data-id=\"e96d3ef\" data-element_type=\"container\" data-settings=\"{&quot;content_width&quot;:&quot;full&quot;}\">\n\t\t\t\t<div class=\"elementor-element elementor-element-6a42011 elementor-widget__width-initial elementor-widget elementor-widget-ct_image\" data-id=\"6a42011\" data-element_type=\"widget\" data-widget_type=\"ct_image.default\">\n\t\t\t\t<div class=\"elementor-widget-container\">\n\t\t\t<div class=\"ct-image-single ct-pxl-image-bounce\" data-width=\"\" data-height=\"\" data-wow-delay=\"ms\">\r\n            <div class=\"ct-image-single--inner\">\r\n                            <img decoding=\"async\" width=\"824\" height=\"650\" src=\"https:\/\/www.captosec.com\/wp-content\/uploads\/2025\/10\/GIA-2.jpg\" class=\"no-lazyload img-main attachment-full\" alt=\"\" \/>                    <\/div>\r\n    <\/div>\t\t<\/div>\n\t\t\t\t<\/div>\n\t\t\t\t<div class=\"elementor-element elementor-element-b1d428c elementor-widget elementor-widget-ct_text_editor\" data-id=\"b1d428c\" data-element_type=\"widget\" data-widget_type=\"ct_text_editor.default\">\n\t\t\t\t<div class=\"elementor-widget-container\">\n\t\t\t<div id=\"ct_text_editor-b1d428c\" class=\"ct-text-editor\" data-wow-delay=\"ms\">\n\t<div class=\"ct-item--inner\">\n\t\t<div class=\"ct-inline-css\"  data-css=\"\t        \t\t\t\">\n\n\t    <\/div>\n\t\t<div class=\"ct-text-editor elementor-clearfix\">\n\t\t\t<p>Ma\u00eetrisez les acc\u00e8s \u00e0 vos ressources sensibles gr\u00e2ce \u00e0 l&rsquo;authentification multi-facteurs, la gestion des privil\u00e8ges et l&rsquo;audit de conformit\u00e9.<\/p>\t\t\n\t\t<\/div>\n\t<\/div>\n<\/div>\t\t<\/div>\n\t\t\t\t<\/div>\n\t\t\t\t<div class=\"elementor-element elementor-element-17d1533 elementor-widget elementor-widget-ct_button\" data-id=\"17d1533\" data-element_type=\"widget\" data-widget_type=\"ct_button.default\">\n\t\t\t\t<div class=\"elementor-widget-container\">\n\t\t\t<div id=\"ct_button-17d1533\" class=\"ct-button-wrapper ct-button-layout1\">\r\n    <div class=\"ct-inline-css\"  data-css=\"        \">\r\n    <\/div>\r\n\r\n            <span class=\"ct-icon-active\"><\/span>\r\n        <a href=\"https:\/\/www.captosec.com\/wp-content\/uploads\/2025\/10\/CapMDR_FT-1.pdf\" class=\"btn btn-default  icon-ps-\" data-wow-delay=\"ms\">\r\n                            <span class=\"ct-button-icon ct-icon-normal ct-align-icon-\">\r\n                            <\/span>\r\n                <span class=\"ct-button-text\">\r\n            Download        <\/span>\r\n    <\/a>\r\n<\/div>\t\t<\/div>\n\t\t\t\t<\/div>\n\t\t\t\t<\/div>\n\t\t<div class=\"elementor-element elementor-element-e382d6e e-con-full e-flex e-con e-child\" data-id=\"e382d6e\" data-element_type=\"container\" data-settings=\"{&quot;content_width&quot;:&quot;full&quot;}\">\n\t\t\t\t<div class=\"elementor-element elementor-element-82e35fc elementor-widget__width-initial elementor-widget elementor-widget-ct_image\" data-id=\"82e35fc\" data-element_type=\"widget\" data-widget_type=\"ct_image.default\">\n\t\t\t\t<div class=\"elementor-widget-container\">\n\t\t\t<div class=\"ct-image-single ct-pxl-image-bounce ct-block-parallax\" data-width=\"3920\" data-height=\"1190\" data-wow-delay=\"ms\">\r\n            <div class=\"ct-image-single--inner\">\r\n            <a href=\"https:\/\/www.captosec.com\/wp-content\/uploads\/2025\/10\/CAP_Offre-services-Backup-Restitution-1.pdf\">                <img loading=\"lazy\" decoding=\"async\" width=\"1024\" height=\"819\" src=\"https:\/\/www.captosec.com\/wp-content\/uploads\/2025\/10\/Backup-1.png\" class=\"no-lazyload img-main attachment-full\" alt=\"\" \/>            <\/a>        <\/div>\r\n    <\/div>\t\t<\/div>\n\t\t\t\t<\/div>\n\t\t\t\t<div class=\"elementor-element elementor-element-2444ddb elementor-widget elementor-widget-ct_text_editor\" data-id=\"2444ddb\" data-element_type=\"widget\" data-widget_type=\"ct_text_editor.default\">\n\t\t\t\t<div class=\"elementor-widget-container\">\n\t\t\t<div id=\"ct_text_editor-2444ddb\" class=\"ct-text-editor\" data-wow-delay=\"ms\">\n\t<div class=\"ct-item--inner\">\n\t\t<div class=\"ct-inline-css\"  data-css=\"\t        \t\t\t\">\n\n\t    <\/div>\n\t\t<div class=\"ct-text-editor elementor-clearfix\">\n\t\t\t<p>Incremental backup, encryption and restore testing to ensure the availability of your critical data.<\/p>\t\t\n\t\t<\/div>\n\t<\/div>\n<\/div>\t\t<\/div>\n\t\t\t\t<\/div>\n\t\t\t\t<div class=\"elementor-element elementor-element-a3ea9b6 elementor-widget elementor-widget-ct_button\" data-id=\"a3ea9b6\" data-element_type=\"widget\" data-widget_type=\"ct_button.default\">\n\t\t\t\t<div class=\"elementor-widget-container\">\n\t\t\t<div id=\"ct_button-a3ea9b6\" class=\"ct-button-wrapper ct-button-layout1\">\r\n    <div class=\"ct-inline-css\"  data-css=\"        \">\r\n    <\/div>\r\n\r\n            <span class=\"ct-icon-active\"><\/span>\r\n        <a href=\"https:\/\/www.captosec.com\/wp-content\/uploads\/2025\/10\/CAP_Offre-services-Backup-Restitution-1.pdf\" class=\"btn btn-default  icon-ps-\" data-wow-delay=\"ms\">\r\n                            <span class=\"ct-button-icon ct-icon-normal ct-align-icon-\">\r\n                            <\/span>\r\n                <span class=\"ct-button-text\">\r\n            Download        <\/span>\r\n    <\/a>\r\n<\/div>\t\t<\/div>\n\t\t\t\t<\/div>\n\t\t\t\t<\/div>\n\t\t\t\t\t<\/div>\n\t\t\t\t<\/div>\n\t\t<div class=\"elementor-element elementor-element-12c8481 e-flex e-con-boxed e-con e-parent\" data-id=\"12c8481\" data-element_type=\"container\" data-settings=\"{&quot;content_width&quot;:&quot;boxed&quot;}\" data-core-v316-plus=\"true\">\n\t\t\t\t\t<div class=\"e-con-inner\">\n\t\t\t\t<div class=\"elementor-element elementor-element-e966b89 elementor-widget elementor-widget-text-editor\" data-id=\"e966b89\" data-element_type=\"widget\" data-widget_type=\"text-editor.default\">\n\t\t\t\t<div class=\"elementor-widget-container\">\n\t\t\t\t\t\t\t<p>Notre \u00e9quipe d&rsquo;experts est \u00e0 votre disposition pour r\u00e9pondre \u00e0 toutes vos questions et vous accompagner dans vos projets de s\u00e9curit\u00e9.<\/p>\t\t\t\t\t\t<\/div>\n\t\t\t\t<\/div>\n\t\t\t\t\t<\/div>\n\t\t\t\t<\/div>\n\t\t<div class=\"elementor-element elementor-element-9242f89 e-flex e-con-boxed e-con e-parent\" data-id=\"9242f89\" data-element_type=\"container\" data-settings=\"{&quot;content_width&quot;:&quot;boxed&quot;}\" data-core-v316-plus=\"true\">\n\t\t\t\t\t<div class=\"e-con-inner\">\n\t\t\t\t<div class=\"elementor-element elementor-element-04fc614 elementor-widget elementor-widget-heading\" data-id=\"04fc614\" data-element_type=\"widget\" data-widget_type=\"heading.default\">\n\t\t\t\t<div class=\"elementor-widget-container\">\n\t\t\t<h2 class=\"elementor-heading-title elementor-size-default\">Technical documentation<\/h2>\t\t<\/div>\n\t\t\t\t<\/div>\n\t\t\t\t\t<\/div>\n\t\t\t\t<\/div>\n\t\t<div class=\"elementor-element elementor-element-3114b4d e-flex e-con-boxed e-con e-parent\" data-id=\"3114b4d\" data-element_type=\"container\" data-settings=\"{&quot;content_width&quot;:&quot;boxed&quot;}\" data-core-v316-plus=\"true\">\n\t\t\t\t\t<div class=\"e-con-inner\">\n\t\t\t\t<div class=\"elementor-element elementor-element-d3db836 elementor-widget elementor-widget-text-editor\" data-id=\"d3db836\" data-element_type=\"widget\" data-widget_type=\"text-editor.default\">\n\t\t\t\t<div class=\"elementor-widget-container\">\n\t\t\t\t\t\t\t<p>Parcourez notre s\u00e9lection de documents techniques. Chacun est accompagn\u00e9 d&rsquo;un descriptif et est t\u00e9l\u00e9chargeable directement.<\/p>\t\t\t\t\t\t<\/div>\n\t\t\t\t<\/div>\n\t\t\t\t\t<\/div>\n\t\t\t\t<\/div>\n\t\t\t\t\t\t\t<\/div>","protected":false},"excerpt":{"rendered":"<p>Nos offres de services Pour en savoir plus et t\u00e9l\u00e9charger le descriptif d\u00e9taill\u00e9e de chaque formule, cliquez sur l&rsquo;offre de votre choix. \u00a0B\u00e9n\u00e9ficiez d&#8217;une surveillance 24\/7, d&#8217;une d\u00e9tection proactive des menaces et d&#8217;une r\u00e9ponse rapide aux incidents pour prot\u00e9ger votre infrastructure. T\u00e9l\u00e9charger \u00a0Nous s\u00e9curisons vos syst\u00e8mes en amont via des tests d&#8217;intrusion qui identifient et [&hellip;]<\/p>","protected":false},"author":1,"featured_media":0,"parent":0,"menu_order":0,"comment_status":"closed","ping_status":"closed","template":"","meta":{"footnotes":""},"class_list":["post-15606","page","type-page","status-publish","hentry"],"_links":{"self":[{"href":"https:\/\/www.captosec.com\/en\/wp-json\/wp\/v2\/pages\/15606","targetHints":{"allow":["GET"]}}],"collection":[{"href":"https:\/\/www.captosec.com\/en\/wp-json\/wp\/v2\/pages"}],"about":[{"href":"https:\/\/www.captosec.com\/en\/wp-json\/wp\/v2\/types\/page"}],"author":[{"embeddable":true,"href":"https:\/\/www.captosec.com\/en\/wp-json\/wp\/v2\/users\/1"}],"replies":[{"embeddable":true,"href":"https:\/\/www.captosec.com\/en\/wp-json\/wp\/v2\/comments?post=15606"}],"version-history":[{"count":175,"href":"https:\/\/www.captosec.com\/en\/wp-json\/wp\/v2\/pages\/15606\/revisions"}],"predecessor-version":[{"id":15820,"href":"https:\/\/www.captosec.com\/en\/wp-json\/wp\/v2\/pages\/15606\/revisions\/15820"}],"wp:attachment":[{"href":"https:\/\/www.captosec.com\/en\/wp-json\/wp\/v2\/media?parent=15606"}],"curies":[{"name":"wp","href":"https:\/\/api.w.org\/{rel}","templated":true}]}}