{"id":3,"date":"2024-03-25T02:23:23","date_gmt":"2024-03-25T02:23:23","guid":{"rendered":"https:\/\/demo.casethemes.net\/itfirm\/?page_id=3"},"modified":"2024-04-19T12:30:55","modified_gmt":"2024-04-19T12:30:55","slug":"privacy-policy","status":"publish","type":"page","link":"https:\/\/www.captosec.com\/en\/privacy-policy\/","title":{"rendered":"Privacy policy"},"content":{"rendered":"<h2 class=\"wp-block-heading has-medium-font-size\">Version fran\u00e7aise.<br>Mise \u00e0 jour : 25\/03\/2024<\/h2>\n\n\n\n<p><a href=\"https:\/\/www.captosec.com\/en\/privacy-policy-en\/\" data-type=\"page\" data-id=\"11969\">Click here<\/a> for English version<\/p>\n\n\n\n<hr class=\"wp-block-separator has-alpha-channel-opacity\"\/>\n\n\n\n<ol class=\"wp-block-list\">\n<li><strong>Introduction<\/strong><br>Nous vous remercions pour l\u2019int\u00e9r\u00eat que vous portez aux services de CAP2SEC, Inc. (CAPTOSEC, Inc.), ainsi qu\u2019au pr\u00e9sent site web (www.captosec.com), ci-apr\u00e8s nomm\u00e9s les \u00ab Services \u00bb. Nous tenons \u00e0 respecter le caract\u00e8re confidentiel de vos donn\u00e9es. D\u00e8s lors, la pr\u00e9sente politique vise \u00e0 vous informer de ce que nous en faisons. Par ailleurs, en utilisant nos Services, vous donnez express\u00e9ment votre consentement pour le recueil et l\u2019utilisation de ces donn\u00e9es, conform\u00e9ment \u00e0 la pr\u00e9sente politique, et dans le strict respect de la l\u00e9gislation en vigueur.<\/li>\n<\/ol>\n\n\n\n<hr class=\"wp-block-separator has-alpha-channel-opacity\"\/>\n\n\n\n<ol class=\"wp-block-list\" start=\"2\">\n<li><strong>Recueil des donn\u00e9es<\/strong><br>Le terme \u00ab donn\u00e9es personnelles \u00bb fait r\u00e9f\u00e9rence aux informations qui permettent de vous identifier en tant qu\u2019individu. Les donn\u00e9es personnelles que nous recueillons sont directement li\u00e9es au contexte dans lequel vous nous les transmettez.<br>2.1. Formulaires<br>Lorsque vous remplissez un formulaire sur notre site web, pour vous inscrire \u00e0 une newsletter ou pour nous contacter, nous recueillons votre nom, votre adresse de courrier \u00e9lectronique, et votre num\u00e9ro de t\u00e9l\u00e9phone, ainsi que les informations que vous nous communiquez concernant votre besoin, afin de pouvoir y r\u00e9pondre.<br>2.2. Email et t\u00e9l\u00e9phone<br>Lorsque vous nous contactez par messagerie \u00e9lectronique ou par t\u00e9l\u00e9phone, nous recueillons de fait votre adresse de messagerie ou votre num\u00e9ro de t\u00e9l\u00e9phone, ainsi que les informations que vous nous communiquez concernant votre besoin, afin de pouvoir y r\u00e9pondre. Lorsque vous r\u00e9pondez \u00e0 nos messages ou sondages par courrier \u00e9lectronique, nous recueillons toutes les informations que vous choisissez de communiquer, notamment celles que vous incluez dans le corps de votre courrier.<br>2.3. Commentaires<br>Lorsque vous laissez un commentaire sur notre site web, les donn\u00e9es inscrites dans le formulaire de commentaire, votre adresse IP et l\u2019agent utilisateur de votre navigateur sont recueillis pour nous aider \u00e0 la d\u00e9tection des commentaires ind\u00e9sirables. Une cha\u00eene rendue anonyme et cr\u00e9\u00e9e \u00e0 partir de votre adresse de messagerie (\u00e9galement appel\u00e9e \u00ab hash \u00bb) peut \u00eatre envoy\u00e9e au service Gravatar pour v\u00e9rifier si vous utilisez ce dernier. Les clauses de confidentialit\u00e9 du service Gravatar sont disponibles ici : https:\/\/automattic.com\/privacy\/. Apr\u00e8s validation de votre commentaire, votre photo de profil sera visible publiquement \u00e0 cot\u00e9 de votre commentaire.<br>2.4. Connexion<br>Si vous \u00eates un utilisateur enregistr\u00e9 sur notre site web, nous recueillons lors de votre premi\u00e8re connexion votre nom, votre adresse de courrier \u00e9lectronique et vos identifiants de connexion.<br>2.5. T\u00e9moignages<br>Nous pouvons \u00eatre amen\u00e9s \u00e0 vous demander votre t\u00e9moignage sur nos r\u00e9alisations li\u00e9es \u00e0 votre projet, demande que vous \u00eates enti\u00e8rement libre de refuser. De plus, avec votre consentement, nous pourrons publier ces t\u00e9moignages et ces r\u00e9alisations (ainsi que des informations sur votre entreprise, votre nom et votre poste) sur nos diff\u00e9rents moyens de communication, qu\u2019ils soient digitaux ou physiques. Sans votre consentement explicite, nous ne proc\u00e9derons pas \u00e0 de telles publications.<\/li>\n<\/ol>\n\n\n\n<hr class=\"wp-block-separator has-alpha-channel-opacity\"\/>\n\n\n\n<ol class=\"wp-block-list\" start=\"3\">\n<li><strong>Utilisation des donn\u00e9es personnelles<\/strong><br>Le traitement de vos donn\u00e9es personnelles est r\u00e9alis\u00e9 dans le strict but de :<br>\u2022 permettre votre utilisation de nos Services.<br>\u2022 effectuer les op\u00e9rations relatives \u00e0 la r\u00e9alisation de nos Services, notamment en ce qui concerne : les devis, les contrats, les commandes, les factures, les livraisons et le suivi de la relation client.<br>\u2022 envoyer des infolettres et des messages promotionnels, lorsque vous y aurez explicitement consenti. De plus, vous pourrez \u00e0 tout moment retirer un tel consentement en nous adressant un courriel.<br>\u2022 partager, sur nos diff\u00e9rents moyens de communication, vos t\u00e9moignages et nos r\u00e9alisations, uniquement lorsque vous y aurez explicitement consenti.<br>\u2022 constituer un fichier de clients et de prospects.<br>\u2022 administrer les avis de personnes quant \u00e0 nos Services, notamment le traitement des commentaires ind\u00e9sirables.<br>\u2022 Respecter nos obligations l\u00e9gales et r\u00e9glementaires.<\/li>\n<\/ol>\n\n\n\n<hr class=\"wp-block-separator has-alpha-channel-opacity\"\/>\n\n\n\n<ol class=\"wp-block-list\" start=\"4\">\n<li><strong>Divulgation \u00e0 un tiers<\/strong><br>Nous ne divulguerons pas vos donn\u00e9es personnelles \u00e0 des tiers. Toutefois, nous pourrons \u00eatre tenus de le faire dans les quelques exceptions suivantes :<br>\u2022 dans la mesure o\u00f9 la loi nous y contraint.<br>\u2022 dans le cas d\u2019une proc\u00e9dure judiciaire qui l\u2019exigerait, notamment pour \u00e9tablir, exercer ou d\u00e9fendre nos droits l\u00e9gaux.<br>\u2022 dans le cas d\u2019une sous-traitance que nous jugerons n\u00e9cessaire \u00e0 la r\u00e9alisation de nos Services. Dans un tel cas, cette n\u00e9cessit\u00e9 vous sera indiqu\u00e9e en amont, et vous devrez explicitement soit l\u2019accepter, soit exprimer votre r\u00e9ticence. Toute r\u00e9ticence de votre part fera l\u2019objet :<br>o soit d\u2019un accord de confidentialit\u00e9 avec le(s) tiers sous-traitant(s), si cela vous convient ;<br>o soit d\u2019un simple refus de votre commande, si vous \u00eates fermement oppos\u00e9 \u00e0 la divulgation de vos donn\u00e9es \u00e0 ce(s) tiers.<\/li>\n<\/ol>\n\n\n\n<hr class=\"wp-block-separator has-alpha-channel-opacity\"\/>\n\n\n\n<ol class=\"wp-block-list\" start=\"5\">\n<li><strong>Dur\u00e9e de conservation<\/strong><br>5.1. Cas d\u2019un client actif<br>Si vous \u00eates un \u00ab client actif \u00bb, c\u2019est-\u00e0-dire si nous avons une relation contractuelle en cours, vos donn\u00e9es personnelles seront conserv\u00e9es durant toute la dur\u00e9e n\u00e9cessaire \u00e0 l\u2019exercice de cette relation contractuelle.<br>5.2. Cas d\u2019un client inactif<br>Si vous \u00eates un \u00ab client inactif \u00bb, c\u2019est-\u00e0-dire si nous avons eu une relation contractuelle par le pass\u00e9, vos donn\u00e9es personnelles seront conserv\u00e9es durant une dur\u00e9e maximale de 3 ans \u00e0 compter de la fin de notre derni\u00e8re relation contractuelle, sauf :<br>\u2022 si vous exercez, dans les conditions rappel\u00e9es au paragraphe 8, l\u2019un des droits qui vous sont reconnus par la l\u00e9gislation ;<br>\u2022 si une dur\u00e9e de conservation plus longue nous est autoris\u00e9e ou impos\u00e9e en vertu d\u2019une disposition r\u00e9glementaire en vigueur.<br>5.3. Cas d\u2019un prospect<br>Si vous \u00eates un \u00ab prospect \u00bb, c\u2019est-\u00e0-dire si nous n\u2019avons pas entretenu de relation contractuelle, vos donn\u00e9es personnelles seront conserv\u00e9es :<br>\u2022 pendant un d\u00e9lai de 3 ans \u00e0 compter de leur collecte ou du dernier contact \u00e9manant de vous ;<br>\u2022 ou jusqu\u2019au retrait de votre consentement, selon vos droits rappel\u00e9s au paragraphe 8.<\/li>\n<\/ol>\n\n\n\n<hr class=\"wp-block-separator has-alpha-channel-opacity\"\/>\n\n\n\n<ol class=\"wp-block-list\" start=\"6\">\n<li><strong>Cookies<br><\/strong>Les \u00ab cookies \u00bb sont de petits fichiers informatiques d\u00e9pos\u00e9s sur un p\u00e9riph\u00e9rique lorsque ce dernier acc\u00e8de \u00e0 une page web. Ils permettent de conserver des donn\u00e9es d\u2019usagers afin de faciliter leur navigation, mais aussi afin d\u2019analyser leur comportement. Les cookies sont g\u00e9r\u00e9s par votre navigateur internet.<br>6.1. Cookies utilis\u00e9s<br>Nous n\u2019utilisons pas de cookie destin\u00e9s \u00e0 vous proposer des services publicitaires. Les cookies pr\u00e9sents sur ce site visent uniquement \u00e0 :<br>\u2022 utiliser les m\u00e9triques internes des activit\u00e9s des utilisateurs pour am\u00e9liorer leur exp\u00e9rience (\u00ab tk_r3d \u00bb de JetPack) ;<br>\u2022 analyser le comportement des utilisateurs (\u00ab tk_lr \u00bb et \u00ab tk_or \u00bb de JetPack).<br>En poursuivant votre navigation sur ce site, vous donnez implicitement votre accord pour l\u2019utilisation de ces cookies.<br>6.2. Contenus embarqu\u00e9s<br>Les pages de notre site web peuvent inclure des contenus int\u00e9gr\u00e9s provenant d\u2019autres sites, telles que des vid\u00e9os, des images, des articles\u2026 Un contenu int\u00e9gr\u00e9 depuis un autre site se comporte de la m\u00eame mani\u00e8re que si le visiteur se rendait sur cet autre site. D\u00e8s lors, lorsque vous interagissez avec les contenus int\u00e9gr\u00e9s, ces autres sites pourraient collecter des donn\u00e9es sur vous, utiliser des cookies, embarquer des outils de suivis tiers, suivre vos interactions avec leurs contenus, si vous disposez d\u2019un compte connect\u00e9 sur leur site web. Nous ne sommes en aucun cas garant de leur utilisation de vos donn\u00e9es.<\/li>\n<\/ol>\n\n\n\n<hr class=\"wp-block-separator has-alpha-channel-opacity\"\/>\n\n\n\n<ol class=\"wp-block-list\" start=\"7\">\n<li><strong>Consentement<br><\/strong>En utilisant nos services, notamment ce site web ou en nous sollicitant pour vos besoins, vous donnez express\u00e9ment votre consentement pour le recueil et l\u2019utilisation des donn\u00e9es personnelles que vous nous aurez transmises de fait, conform\u00e9ment \u00e0 la pr\u00e9sente politique, et dans le strict respect de la l\u00e9gislation en vigueur.<\/li>\n<\/ol>\n\n\n\n<hr class=\"wp-block-separator has-alpha-channel-opacity\"\/>\n\n\n\n<ol class=\"wp-block-list\" start=\"8\">\n<li><strong>Vos droits sur vos donn\u00e9es<br><\/strong>Vous disposez des droits :<br>\u2022 d\u2019interrogation : c\u2019est le droit de demander des informations sur le traitement de vos donn\u00e9es personnelles.<br>\u2022 d\u2019acc\u00e8s : c\u2019est le droit d\u2019obtenir l\u2019acc\u00e8s aux donn\u00e9es personnelles d\u00e9tenues \u00e0 votre sujet.<br>\u2022 de rectification : c\u2019est le droit de demander que les donn\u00e9es personnelles vous concernant soient corrig\u00e9es ou effac\u00e9es, lorsqu\u2019elles sont inexactes ou lorsque leur traitement est illicite.<br>\u2022 d\u2019opposition : c\u2019est le droit de vous opposer au traitement de vos donn\u00e9es personnelles \u00e0 des fins de prospection ou pour des raisons li\u00e9es \u00e0 votre situation particuli\u00e8re.<br>Vous pouvez exercer \u00e0 tout moment ces droits en nous envoyant un courriel \u00e0 info@captosec.com. Nous serons amen\u00e9s \u00e0 v\u00e9rifier au pr\u00e9alable l\u2019identit\u00e9 de tout demandeur, afin de nous assurer que les actions men\u00e9es sur une donn\u00e9e personnelle soient bien \u00e0 l\u2019initiative de son propri\u00e9taire.<\/li>\n\n\n\n<li><strong>Security<br><\/strong>Nous portons \u00e0 votre attention que les serveurs d\u2019h\u00e9bergement sur lesquels nous traitons et stockons les bases de donn\u00e9es sont situ\u00e9s au Canada. Par ailleurs, afin de garantir la s\u00e9curit\u00e9 des donn\u00e9es transmises sur notre site web, celles-ci sont crypt\u00e9es avec le protocole TLS le plus r\u00e9cent.<\/li>\n<\/ol>\n\n\n\n<hr class=\"wp-block-separator has-alpha-channel-opacity\"\/>\n\n\n\n<ol class=\"wp-block-list\" start=\"10\">\n<li><strong>Mise \u00e0 jour de la politique<br><\/strong>Nous pouvons, \u00e0 tout moment, mettre \u00e0 jour la pr\u00e9sente politique de confidentialit\u00e9. Toute modification n\u2019entrera en vigueur qu\u2019\u00e0 compter de la date de publication de la mise \u00e0 jour. Par ailleurs, votre utilisation de nos Services suite \u00e0 l\u2019entr\u00e9e en vigueur de la nouvelle politique de confidentialit\u00e9 vaudra reconnaissance et acceptation de celle-ci.<\/li>\n<\/ol>","protected":false},"excerpt":{"rendered":"<p>Version fran\u00e7aise.Mise \u00e0 jour : 25\/03\/2024 Click here for English version<\/p>","protected":false},"author":1,"featured_media":0,"parent":0,"menu_order":0,"comment_status":"closed","ping_status":"closed","template":"","meta":{"footnotes":""},"class_list":["post-3","page","type-page","status-publish","hentry"],"_links":{"self":[{"href":"https:\/\/www.captosec.com\/en\/wp-json\/wp\/v2\/pages\/3","targetHints":{"allow":["GET"]}}],"collection":[{"href":"https:\/\/www.captosec.com\/en\/wp-json\/wp\/v2\/pages"}],"about":[{"href":"https:\/\/www.captosec.com\/en\/wp-json\/wp\/v2\/types\/page"}],"author":[{"embeddable":true,"href":"https:\/\/www.captosec.com\/en\/wp-json\/wp\/v2\/users\/1"}],"replies":[{"embeddable":true,"href":"https:\/\/www.captosec.com\/en\/wp-json\/wp\/v2\/comments?post=3"}],"version-history":[{"count":11,"href":"https:\/\/www.captosec.com\/en\/wp-json\/wp\/v2\/pages\/3\/revisions"}],"predecessor-version":[{"id":11974,"href":"https:\/\/www.captosec.com\/en\/wp-json\/wp\/v2\/pages\/3\/revisions\/11974"}],"wp:attachment":[{"href":"https:\/\/www.captosec.com\/en\/wp-json\/wp\/v2\/media?parent=3"}],"curies":[{"name":"wp","href":"https:\/\/api.w.org\/{rel}","templated":true}]}}